{"id":109,"date":"2016-02-19T02:50:09","date_gmt":"2016-02-19T02:50:09","guid":{"rendered":"http:\/\/www.voluntadpanama.org\/home\/?page_id=109"},"modified":"2016-02-19T02:50:09","modified_gmt":"2016-02-19T02:50:09","slug":"fundader","status":"publish","type":"page","link":"http:\/\/www.voluntadpanama.org\/home\/fundader\/","title":{"rendered":"FUNDADER"},"content":{"rendered":"<table>\n<tbody>\n<tr>\n<td><a href=\"http:\/\/www.voluntadpanama.org\/home\/wp-content\/uploads\/2016\/02\/FUNDADER.jpg\" rel=\"attachment wp-att-90\"><img decoding=\"async\" loading=\"lazy\" class=\"alignleft size-medium wp-image-90\" src=\"http:\/\/www.voluntadpanama.org\/home\/wp-content\/uploads\/2016\/02\/FUNDADER-300x272.jpg\" alt=\"FUNDADER\" width=\"300\" height=\"272\" srcset=\"http:\/\/www.voluntadpanama.org\/home\/wp-content\/uploads\/2016\/02\/FUNDADER-300x272.jpg 300w, http:\/\/www.voluntadpanama.org\/home\/wp-content\/uploads\/2016\/02\/FUNDADER-768x697.jpg 768w, http:\/\/www.voluntadpanama.org\/home\/wp-content\/uploads\/2016\/02\/FUNDADER.jpg 1008w\" sizes=\"(max-width: 300px) 100vw, 300px\" \/><\/a><\/td>\n<\/tr>\n<\/tbody>\n<\/table>\n<p style=\"text-align: justify;\">El pasado 22 de agosto del 2015, y \u00a0en apoyo a las labores de capacitaci\u00f3n y \u00a0educaci\u00f3n \u00a0que tiene como misi\u00f3n la \u00a0Fundaci\u00f3n para el Desarrollo Integral de la Mujer y la Familia (FUNDADER), \u00a0la Fundaci\u00f3n Voluntad Panama \u00a0realizo donaci\u00f3n de materiales tales como telas \u00a0y \u00a0otras piezas \u00a0\u00fatiles para el \u00e1rea de modister\u00eda dentro de \u00a0la labor de \u00a0capacitaci\u00f3n que \u00a0desarrolla esta \u00a0organizaci\u00f3n en el distrito de Arraij\u00e1n. \u00a0Este \u00a0centro atiende a una poblaci\u00f3n femenina aproximada de 1500 personas en sus \u00a0cursos y adiestramientos, con la que \u00a0la Fundaci\u00f3n \u00a0Voluntad Panama se identifica y confirma su apoyo \u00a0y compromiso con la Educaci\u00f3n. La Educaci\u00f3n nos hace libres y competitivos, y \u00a0esperamos \u00a0que \u00a0nuestro peque\u00f1o granito de arena \u00a0pueda ayudar a las mujeres que a diario \u00a0asisten a \u00a0sus \u00a0cursos \u00a0y talleres en apoyo \u00a0a \u00a0mejorar su \u00a0calidad \u00a0de \u00a0vida.<\/p>\n","protected":false},"excerpt":{"rendered":"<p>El pasado 22 de agosto del 2015, y \u00a0en apoyo a las labores de capacitaci\u00f3n y \u00a0educaci\u00f3n \u00a0que tiene como misi\u00f3n la \u00a0Fundaci\u00f3n para el Desarrollo Integral de la Mujer y la Familia (FUNDADER), \u00a0la Fundaci\u00f3n Voluntad Panama \u00a0realizo donaci\u00f3n de materiales tales como telas \u00a0y \u00a0otras piezas \u00a0\u00fatiles para el \u00e1rea de modister\u00eda dentro [&hellip;]<\/p>\n","protected":false},"author":1,"featured_media":0,"parent":0,"menu_order":0,"comment_status":"closed","ping_status":"closed","template":"","meta":[],"_links":{"self":[{"href":"http:\/\/www.voluntadpanama.org\/home\/wp-json\/wp\/v2\/pages\/109"}],"collection":[{"href":"http:\/\/www.voluntadpanama.org\/home\/wp-json\/wp\/v2\/pages"}],"about":[{"href":"http:\/\/www.voluntadpanama.org\/home\/wp-json\/wp\/v2\/types\/page"}],"author":[{"embeddable":true,"href":"http:\/\/www.voluntadpanama.org\/home\/wp-json\/wp\/v2\/users\/1"}],"replies":[{"embeddable":true,"href":"http:\/\/www.voluntadpanama.org\/home\/wp-json\/wp\/v2\/comments?post=109"}],"version-history":[{"count":1,"href":"http:\/\/www.voluntadpanama.org\/home\/wp-json\/wp\/v2\/pages\/109\/revisions"}],"predecessor-version":[{"id":110,"href":"http:\/\/www.voluntadpanama.org\/home\/wp-json\/wp\/v2\/pages\/109\/revisions\/110"}],"wp:attachment":[{"href":"http:\/\/www.voluntadpanama.org\/home\/wp-json\/wp\/v2\/media?parent=109"}],"curies":[{"name":"wp","href":"https:\/\/api.w.org\/{rel}","templated":true}]}}