{"id":111,"date":"2016-02-19T02:56:29","date_gmt":"2016-02-19T02:56:29","guid":{"rendered":"http:\/\/www.voluntadpanama.org\/home\/?page_id=111"},"modified":"2016-02-19T03:58:30","modified_gmt":"2016-02-19T03:58:30","slug":"feria-artesanal","status":"publish","type":"page","link":"http:\/\/www.voluntadpanama.org\/home\/feria-artesanal\/","title":{"rendered":"1\u00aa FESTIVAL DE COMIDA ARTESANAL"},"content":{"rendered":"<table>\n<tbody>\n<tr>\n<td><a href=\"http:\/\/www.voluntadpanama.org\/home\/wp-content\/uploads\/2016\/02\/Festival-de-Comida.jpg\" rel=\"attachment wp-att-83\"><img decoding=\"async\" loading=\"lazy\" class=\"size-medium wp-image-83 aligncenter\" src=\"http:\/\/www.voluntadpanama.org\/home\/wp-content\/uploads\/2016\/02\/Festival-de-Comida-225x300.jpg\" alt=\"Festival de Comida\" width=\"225\" height=\"300\" srcset=\"http:\/\/www.voluntadpanama.org\/home\/wp-content\/uploads\/2016\/02\/Festival-de-Comida-225x300.jpg 225w, http:\/\/www.voluntadpanama.org\/home\/wp-content\/uploads\/2016\/02\/Festival-de-Comida-768x1024.jpg 768w, http:\/\/www.voluntadpanama.org\/home\/wp-content\/uploads\/2016\/02\/Festival-de-Comida.jpg 864w\" sizes=\"(max-width: 225px) 100vw, 225px\" \/><\/a><\/td>\n<td><a href=\"http:\/\/www.voluntadpanama.org\/home\/wp-content\/uploads\/2016\/02\/Festival-de-Comida9.jpg\" rel=\"attachment wp-att-96\"><img decoding=\"async\" loading=\"lazy\" class=\"size-medium wp-image-96 aligncenter\" src=\"http:\/\/www.voluntadpanama.org\/home\/wp-content\/uploads\/2016\/02\/Festival-de-Comida9-169x300.jpg\" alt=\"Festival de Comida9\" width=\"169\" height=\"300\" srcset=\"http:\/\/www.voluntadpanama.org\/home\/wp-content\/uploads\/2016\/02\/Festival-de-Comida9-169x300.jpg 169w, http:\/\/www.voluntadpanama.org\/home\/wp-content\/uploads\/2016\/02\/Festival-de-Comida9.jpg 578w\" sizes=\"(max-width: 169px) 100vw, 169px\" \/><\/a><\/td>\n<td><a href=\"http:\/\/www.voluntadpanama.org\/home\/wp-content\/uploads\/2016\/02\/Festival-de-Comida8.jpg\" rel=\"attachment wp-att-95\"><img decoding=\"async\" loading=\"lazy\" class=\"size-medium wp-image-95 aligncenter\" src=\"http:\/\/www.voluntadpanama.org\/home\/wp-content\/uploads\/2016\/02\/Festival-de-Comida8-300x225.jpg\" alt=\"Festival de Comida8\" width=\"300\" height=\"225\" srcset=\"http:\/\/www.voluntadpanama.org\/home\/wp-content\/uploads\/2016\/02\/Festival-de-Comida8-300x225.jpg 300w, http:\/\/www.voluntadpanama.org\/home\/wp-content\/uploads\/2016\/02\/Festival-de-Comida8-768x576.jpg 768w, http:\/\/www.voluntadpanama.org\/home\/wp-content\/uploads\/2016\/02\/Festival-de-Comida8-1024x768.jpg 1024w, http:\/\/www.voluntadpanama.org\/home\/wp-content\/uploads\/2016\/02\/Festival-de-Comida8.jpg 1152w\" sizes=\"(max-width: 300px) 100vw, 300px\" \/><\/a><\/td>\n<td><a href=\"http:\/\/www.voluntadpanama.org\/home\/wp-content\/uploads\/2016\/02\/Festival-de-Comida10.jpg\" rel=\"attachment wp-att-97\"><img decoding=\"async\" loading=\"lazy\" class=\"size-medium wp-image-97 aligncenter\" src=\"http:\/\/www.voluntadpanama.org\/home\/wp-content\/uploads\/2016\/02\/Festival-de-Comida10-300x225.jpg\" alt=\"Festival de Comida10\" width=\"300\" height=\"225\" srcset=\"http:\/\/www.voluntadpanama.org\/home\/wp-content\/uploads\/2016\/02\/Festival-de-Comida10-300x225.jpg 300w, http:\/\/www.voluntadpanama.org\/home\/wp-content\/uploads\/2016\/02\/Festival-de-Comida10-768x576.jpg 768w, http:\/\/www.voluntadpanama.org\/home\/wp-content\/uploads\/2016\/02\/Festival-de-Comida10-1024x768.jpg 1024w, http:\/\/www.voluntadpanama.org\/home\/wp-content\/uploads\/2016\/02\/Festival-de-Comida10.jpg 1152w\" sizes=\"(max-width: 300px) 100vw, 300px\" \/><\/a><\/td>\n<\/tr>\n<tr>\n<td><a href=\"http:\/\/www.voluntadpanama.org\/home\/wp-content\/uploads\/2016\/02\/Festival-de-Comida16.jpg\" rel=\"attachment wp-att-103\"><img decoding=\"async\" loading=\"lazy\" class=\"size-medium wp-image-103 aligncenter\" src=\"http:\/\/www.voluntadpanama.org\/home\/wp-content\/uploads\/2016\/02\/Festival-de-Comida16-169x300.jpg\" alt=\"Festival de Comida16\" width=\"169\" height=\"300\" srcset=\"http:\/\/www.voluntadpanama.org\/home\/wp-content\/uploads\/2016\/02\/Festival-de-Comida16-169x300.jpg 169w, http:\/\/www.voluntadpanama.org\/home\/wp-content\/uploads\/2016\/02\/Festival-de-Comida16.jpg 576w\" sizes=\"(max-width: 169px) 100vw, 169px\" \/><\/a><\/td>\n<td><a href=\"http:\/\/www.voluntadpanama.org\/home\/wp-content\/uploads\/2016\/02\/Festival-de-Comida17.jpg\" rel=\"attachment wp-att-104\"><img decoding=\"async\" loading=\"lazy\" class=\"size-medium wp-image-104 aligncenter\" src=\"http:\/\/www.voluntadpanama.org\/home\/wp-content\/uploads\/2016\/02\/Festival-de-Comida17-300x225.jpg\" alt=\"Festival de Comida17\" width=\"300\" height=\"225\" srcset=\"http:\/\/www.voluntadpanama.org\/home\/wp-content\/uploads\/2016\/02\/Festival-de-Comida17-300x225.jpg 300w, http:\/\/www.voluntadpanama.org\/home\/wp-content\/uploads\/2016\/02\/Festival-de-Comida17-768x576.jpg 768w, http:\/\/www.voluntadpanama.org\/home\/wp-content\/uploads\/2016\/02\/Festival-de-Comida17-1024x768.jpg 1024w, http:\/\/www.voluntadpanama.org\/home\/wp-content\/uploads\/2016\/02\/Festival-de-Comida17.jpg 1152w\" sizes=\"(max-width: 300px) 100vw, 300px\" \/><\/a><\/td>\n<td><a href=\"http:\/\/www.voluntadpanama.org\/home\/wp-content\/uploads\/2016\/02\/Festival-de-Comida11.jpg\" rel=\"attachment wp-att-98\"><img decoding=\"async\" loading=\"lazy\" class=\"size-medium wp-image-98 aligncenter\" src=\"http:\/\/www.voluntadpanama.org\/home\/wp-content\/uploads\/2016\/02\/Festival-de-Comida11-300x225.jpg\" alt=\"Festival de Comida11\" width=\"300\" height=\"225\" srcset=\"http:\/\/www.voluntadpanama.org\/home\/wp-content\/uploads\/2016\/02\/Festival-de-Comida11-300x225.jpg 300w, http:\/\/www.voluntadpanama.org\/home\/wp-content\/uploads\/2016\/02\/Festival-de-Comida11-768x576.jpg 768w, http:\/\/www.voluntadpanama.org\/home\/wp-content\/uploads\/2016\/02\/Festival-de-Comida11-1024x768.jpg 1024w, http:\/\/www.voluntadpanama.org\/home\/wp-content\/uploads\/2016\/02\/Festival-de-Comida11.jpg 1152w\" sizes=\"(max-width: 300px) 100vw, 300px\" \/><\/a><\/td>\n<td><a href=\"http:\/\/www.voluntadpanama.org\/home\/wp-content\/uploads\/2016\/02\/Festival-de-Comida12.jpg\" rel=\"attachment wp-att-99\"><img decoding=\"async\" loading=\"lazy\" class=\"size-medium wp-image-99 aligncenter\" src=\"http:\/\/www.voluntadpanama.org\/home\/wp-content\/uploads\/2016\/02\/Festival-de-Comida12-300x225.jpg\" alt=\"Festival de Comida12\" width=\"300\" height=\"225\" srcset=\"http:\/\/www.voluntadpanama.org\/home\/wp-content\/uploads\/2016\/02\/Festival-de-Comida12-300x225.jpg 300w, http:\/\/www.voluntadpanama.org\/home\/wp-content\/uploads\/2016\/02\/Festival-de-Comida12-768x576.jpg 768w, http:\/\/www.voluntadpanama.org\/home\/wp-content\/uploads\/2016\/02\/Festival-de-Comida12-1024x768.jpg 1024w, http:\/\/www.voluntadpanama.org\/home\/wp-content\/uploads\/2016\/02\/Festival-de-Comida12.jpg 1152w\" sizes=\"(max-width: 300px) 100vw, 300px\" \/><\/a><\/td>\n<\/tr>\n<tr>\n<td><a href=\"http:\/\/www.voluntadpanama.org\/home\/wp-content\/uploads\/2016\/02\/Festival-de-Comida13.jpg\" rel=\"attachment wp-att-100\"><img decoding=\"async\" loading=\"lazy\" class=\"size-medium wp-image-100 aligncenter\" src=\"http:\/\/www.voluntadpanama.org\/home\/wp-content\/uploads\/2016\/02\/Festival-de-Comida13-225x300.jpg\" alt=\"Festival de Comida13\" width=\"225\" height=\"300\" srcset=\"http:\/\/www.voluntadpanama.org\/home\/wp-content\/uploads\/2016\/02\/Festival-de-Comida13-225x300.jpg 225w, http:\/\/www.voluntadpanama.org\/home\/wp-content\/uploads\/2016\/02\/Festival-de-Comida13-768x1024.jpg 768w, http:\/\/www.voluntadpanama.org\/home\/wp-content\/uploads\/2016\/02\/Festival-de-Comida13.jpg 864w\" sizes=\"(max-width: 225px) 100vw, 225px\" \/><\/a><\/td>\n<td><a href=\"http:\/\/www.voluntadpanama.org\/home\/wp-content\/uploads\/2016\/02\/Festival-de-Comida7.jpg\" rel=\"attachment wp-att-94\"><img decoding=\"async\" loading=\"lazy\" class=\"size-medium wp-image-94 aligncenter\" src=\"http:\/\/www.voluntadpanama.org\/home\/wp-content\/uploads\/2016\/02\/Festival-de-Comida7-300x186.jpg\" alt=\"Festival de Comida7\" width=\"300\" height=\"186\" srcset=\"http:\/\/www.voluntadpanama.org\/home\/wp-content\/uploads\/2016\/02\/Festival-de-Comida7-300x186.jpg 300w, http:\/\/www.voluntadpanama.org\/home\/wp-content\/uploads\/2016\/02\/Festival-de-Comida7-768x476.jpg 768w, http:\/\/www.voluntadpanama.org\/home\/wp-content\/uploads\/2016\/02\/Festival-de-Comida7-1024x635.jpg 1024w, http:\/\/www.voluntadpanama.org\/home\/wp-content\/uploads\/2016\/02\/Festival-de-Comida7.jpg 2048w\" sizes=\"(max-width: 300px) 100vw, 300px\" \/><\/a><\/td>\n<td><a href=\"http:\/\/www.voluntadpanama.org\/home\/wp-content\/uploads\/2016\/02\/Festival-de-Comida1.jpg\" rel=\"attachment wp-att-84\"><img decoding=\"async\" loading=\"lazy\" class=\"size-medium wp-image-84 aligncenter\" src=\"http:\/\/www.voluntadpanama.org\/home\/wp-content\/uploads\/2016\/02\/Festival-de-Comida1-300x225.jpg\" alt=\"Festival de Comida1\" width=\"300\" height=\"225\" srcset=\"http:\/\/www.voluntadpanama.org\/home\/wp-content\/uploads\/2016\/02\/Festival-de-Comida1-300x225.jpg 300w, http:\/\/www.voluntadpanama.org\/home\/wp-content\/uploads\/2016\/02\/Festival-de-Comida1-768x576.jpg 768w, http:\/\/www.voluntadpanama.org\/home\/wp-content\/uploads\/2016\/02\/Festival-de-Comida1-1024x768.jpg 1024w, http:\/\/www.voluntadpanama.org\/home\/wp-content\/uploads\/2016\/02\/Festival-de-Comida1.jpg 1152w\" sizes=\"(max-width: 300px) 100vw, 300px\" \/><\/a><\/td>\n<td><a href=\"http:\/\/www.voluntadpanama.org\/home\/wp-content\/uploads\/2016\/02\/Festival-de-Comida2.jpg\" rel=\"attachment wp-att-85\"><img decoding=\"async\" loading=\"lazy\" class=\"size-medium wp-image-85 aligncenter\" src=\"http:\/\/www.voluntadpanama.org\/home\/wp-content\/uploads\/2016\/02\/Festival-de-Comida2-300x225.jpg\" alt=\"Festival de Comida2\" width=\"300\" height=\"225\" srcset=\"http:\/\/www.voluntadpanama.org\/home\/wp-content\/uploads\/2016\/02\/Festival-de-Comida2-300x225.jpg 300w, http:\/\/www.voluntadpanama.org\/home\/wp-content\/uploads\/2016\/02\/Festival-de-Comida2-768x576.jpg 768w, http:\/\/www.voluntadpanama.org\/home\/wp-content\/uploads\/2016\/02\/Festival-de-Comida2-1024x768.jpg 1024w, http:\/\/www.voluntadpanama.org\/home\/wp-content\/uploads\/2016\/02\/Festival-de-Comida2.jpg 1152w\" sizes=\"(max-width: 300px) 100vw, 300px\" \/><\/a><\/td>\n<\/tr>\n<tr>\n<td><a href=\"http:\/\/www.voluntadpanama.org\/home\/wp-content\/uploads\/2016\/02\/Festival-de-Comida14.jpg\" rel=\"attachment wp-att-101\"><img decoding=\"async\" loading=\"lazy\" class=\"size-medium wp-image-101 aligncenter\" src=\"http:\/\/www.voluntadpanama.org\/home\/wp-content\/uploads\/2016\/02\/Festival-de-Comida14-300x225.jpg\" alt=\"Festival de Comida14\" width=\"300\" height=\"225\" srcset=\"http:\/\/www.voluntadpanama.org\/home\/wp-content\/uploads\/2016\/02\/Festival-de-Comida14-300x225.jpg 300w, http:\/\/www.voluntadpanama.org\/home\/wp-content\/uploads\/2016\/02\/Festival-de-Comida14-768x576.jpg 768w, http:\/\/www.voluntadpanama.org\/home\/wp-content\/uploads\/2016\/02\/Festival-de-Comida14-1024x768.jpg 1024w, http:\/\/www.voluntadpanama.org\/home\/wp-content\/uploads\/2016\/02\/Festival-de-Comida14.jpg 1152w\" sizes=\"(max-width: 300px) 100vw, 300px\" \/><\/a><\/td>\n<td><a href=\"http:\/\/www.voluntadpanama.org\/home\/wp-content\/uploads\/2016\/02\/Festival-de-Comida4.jpg\" rel=\"attachment wp-att-87\"><img decoding=\"async\" loading=\"lazy\" class=\"size-medium wp-image-87 aligncenter\" src=\"http:\/\/www.voluntadpanama.org\/home\/wp-content\/uploads\/2016\/02\/Festival-de-Comida4-300x225.jpg\" alt=\"Festival de Comida4\" width=\"300\" height=\"225\" srcset=\"http:\/\/www.voluntadpanama.org\/home\/wp-content\/uploads\/2016\/02\/Festival-de-Comida4-300x225.jpg 300w, http:\/\/www.voluntadpanama.org\/home\/wp-content\/uploads\/2016\/02\/Festival-de-Comida4-768x576.jpg 768w, http:\/\/www.voluntadpanama.org\/home\/wp-content\/uploads\/2016\/02\/Festival-de-Comida4-1024x768.jpg 1024w, http:\/\/www.voluntadpanama.org\/home\/wp-content\/uploads\/2016\/02\/Festival-de-Comida4.jpg 1152w\" sizes=\"(max-width: 300px) 100vw, 300px\" \/><\/a><\/td>\n<td><a href=\"http:\/\/www.voluntadpanama.org\/home\/wp-content\/uploads\/2016\/02\/Festival-de-Comida5.jpg\" rel=\"attachment wp-att-88\"><img decoding=\"async\" loading=\"lazy\" class=\"size-medium wp-image-88 aligncenter\" src=\"http:\/\/www.voluntadpanama.org\/home\/wp-content\/uploads\/2016\/02\/Festival-de-Comida5-300x189.jpg\" alt=\"Festival de Comida5\" width=\"300\" height=\"189\" srcset=\"http:\/\/www.voluntadpanama.org\/home\/wp-content\/uploads\/2016\/02\/Festival-de-Comida5-300x189.jpg 300w, http:\/\/www.voluntadpanama.org\/home\/wp-content\/uploads\/2016\/02\/Festival-de-Comida5-768x483.jpg 768w, http:\/\/www.voluntadpanama.org\/home\/wp-content\/uploads\/2016\/02\/Festival-de-Comida5-1024x644.jpg 1024w, http:\/\/www.voluntadpanama.org\/home\/wp-content\/uploads\/2016\/02\/Festival-de-Comida5.jpg 2048w\" sizes=\"(max-width: 300px) 100vw, 300px\" \/><\/a><\/td>\n<td><a href=\"http:\/\/www.voluntadpanama.org\/home\/wp-content\/uploads\/2016\/02\/Festival-de-Comida15.jpg\" rel=\"attachment wp-att-102\"><img decoding=\"async\" loading=\"lazy\" class=\"size-medium wp-image-102 aligncenter\" src=\"http:\/\/www.voluntadpanama.org\/home\/wp-content\/uploads\/2016\/02\/Festival-de-Comida15-300x181.jpg\" alt=\"Festival de Comida15\" width=\"300\" height=\"181\" srcset=\"http:\/\/www.voluntadpanama.org\/home\/wp-content\/uploads\/2016\/02\/Festival-de-Comida15-300x181.jpg 300w, http:\/\/www.voluntadpanama.org\/home\/wp-content\/uploads\/2016\/02\/Festival-de-Comida15-768x464.jpg 768w, http:\/\/www.voluntadpanama.org\/home\/wp-content\/uploads\/2016\/02\/Festival-de-Comida15-1024x619.jpg 1024w, http:\/\/www.voluntadpanama.org\/home\/wp-content\/uploads\/2016\/02\/Festival-de-Comida15.jpg 2048w\" sizes=\"(max-width: 300px) 100vw, 300px\" \/><\/a><\/td>\n<\/tr>\n<tr>\n<td><a href=\"http:\/\/www.voluntadpanama.org\/home\/wp-content\/uploads\/2016\/02\/Festival-de-Comida18.jpg\" rel=\"attachment wp-att-105\"><img decoding=\"async\" loading=\"lazy\" class=\"size-medium wp-image-86 alignleft\" src=\"http:\/\/www.voluntadpanama.org\/home\/wp-content\/uploads\/2016\/02\/Festival-de-Comida3-300x225.jpg\" alt=\"Festival de Comida3\" width=\"300\" height=\"225\" srcset=\"http:\/\/www.voluntadpanama.org\/home\/wp-content\/uploads\/2016\/02\/Festival-de-Comida3-300x225.jpg 300w, http:\/\/www.voluntadpanama.org\/home\/wp-content\/uploads\/2016\/02\/Festival-de-Comida3-768x576.jpg 768w, http:\/\/www.voluntadpanama.org\/home\/wp-content\/uploads\/2016\/02\/Festival-de-Comida3-1024x768.jpg 1024w, http:\/\/www.voluntadpanama.org\/home\/wp-content\/uploads\/2016\/02\/Festival-de-Comida3.jpg 1152w\" sizes=\"(max-width: 300px) 100vw, 300px\" \/> <\/a><\/td>\n<td><img decoding=\"async\" loading=\"lazy\" class=\"size-medium wp-image-105 alignleft\" src=\"http:\/\/www.voluntadpanama.org\/home\/wp-content\/uploads\/2016\/02\/Festival-de-Comida18-300x225.jpg\" alt=\"Festival de Comida18\" width=\"300\" height=\"225\" srcset=\"http:\/\/www.voluntadpanama.org\/home\/wp-content\/uploads\/2016\/02\/Festival-de-Comida18-300x225.jpg 300w, http:\/\/www.voluntadpanama.org\/home\/wp-content\/uploads\/2016\/02\/Festival-de-Comida18-768x576.jpg 768w, http:\/\/www.voluntadpanama.org\/home\/wp-content\/uploads\/2016\/02\/Festival-de-Comida18-1024x768.jpg 1024w, http:\/\/www.voluntadpanama.org\/home\/wp-content\/uploads\/2016\/02\/Festival-de-Comida18.jpg 1152w\" sizes=\"(max-width: 300px) 100vw, 300px\" \/><\/td>\n<td><img decoding=\"async\" loading=\"lazy\" class=\"alignleft wp-image-106 size-medium\" src=\"http:\/\/www.voluntadpanama.org\/home\/wp-content\/uploads\/2016\/02\/Festival-de-Comida19-300x225.jpg\" alt=\"Festival de Comida19\" width=\"300\" height=\"225\" srcset=\"http:\/\/www.voluntadpanama.org\/home\/wp-content\/uploads\/2016\/02\/Festival-de-Comida19-300x225.jpg 300w, http:\/\/www.voluntadpanama.org\/home\/wp-content\/uploads\/2016\/02\/Festival-de-Comida19-768x576.jpg 768w, http:\/\/www.voluntadpanama.org\/home\/wp-content\/uploads\/2016\/02\/Festival-de-Comida19-1024x768.jpg 1024w, http:\/\/www.voluntadpanama.org\/home\/wp-content\/uploads\/2016\/02\/Festival-de-Comida19.jpg 1152w\" sizes=\"(max-width: 300px) 100vw, 300px\" \/><\/td>\n<td><img decoding=\"async\" loading=\"lazy\" class=\"alignleft wp-image-89 size-medium\" src=\"http:\/\/www.voluntadpanama.org\/home\/wp-content\/uploads\/2016\/02\/Festival-de-Comida6-300x181.jpg\" alt=\"Festival de Comida6\" width=\"300\" height=\"181\" srcset=\"http:\/\/www.voluntadpanama.org\/home\/wp-content\/uploads\/2016\/02\/Festival-de-Comida6-300x181.jpg 300w, http:\/\/www.voluntadpanama.org\/home\/wp-content\/uploads\/2016\/02\/Festival-de-Comida6-768x462.jpg 768w, http:\/\/www.voluntadpanama.org\/home\/wp-content\/uploads\/2016\/02\/Festival-de-Comida6-1024x617.jpg 1024w, http:\/\/www.voluntadpanama.org\/home\/wp-content\/uploads\/2016\/02\/Festival-de-Comida6.jpg 2048w\" sizes=\"(max-width: 300px) 100vw, 300px\" \/><\/td>\n<\/tr>\n<\/tbody>\n<\/table>\n<p style=\"text-align: justify;\">El pasado 29 de marzo de 2015, la Fundaci\u00f3n Voluntad Panam\u00e1 conjuntamente con la Alcald\u00eda de Panama realizo en el Parque Urrac\u00e1 el I Festival de Comida Artesanal a beneficio del Dormitorio de Ancianos Cruz Roja Paname\u00f1a.<\/p>\n<p style=\"text-align: justify;\">Dicha actividad recibi\u00f3 el respaldo solitario y desinteresado de varias empresas y patrocinadores donde se ofreci\u00f3 diferentes platos y exquisiteces paname\u00f1as e internacional. Se cont\u00f3 con la colaboraci\u00f3n de voluntarios y personas que respaldan la labor social de la Fundaci\u00f3n Voluntad Panama, en su ayuda a los m\u00e1s necesitados.<\/p>\n<p style=\"text-align: justify;\">Entre las empresas que ofrecieron sus productos se encontraba Darna Bread Co., Rimonin, Dos Cucharas, S.A., Sushi Itto y otras empresas dedicadas a la producci\u00f3n de alimentos, los cuales fueron degustadas por todos los asistentes. Agradecemos el apoyo de todos los voluntarios, colaboradores, patrocinadores y anunciantes que nos apoyaron en esta actividad.<\/p>\n","protected":false},"excerpt":{"rendered":"<p>El pasado 29 de marzo de 2015, la Fundaci\u00f3n Voluntad Panam\u00e1 conjuntamente con la Alcald\u00eda de Panama realizo en el Parque Urrac\u00e1 el I Festival de Comida Artesanal a beneficio del Dormitorio de Ancianos Cruz Roja Paname\u00f1a. Dicha actividad recibi\u00f3 el respaldo solitario y desinteresado de varias empresas y patrocinadores donde se ofreci\u00f3 diferentes platos [&hellip;]<\/p>\n","protected":false},"author":1,"featured_media":0,"parent":0,"menu_order":0,"comment_status":"closed","ping_status":"closed","template":"","meta":[],"_links":{"self":[{"href":"http:\/\/www.voluntadpanama.org\/home\/wp-json\/wp\/v2\/pages\/111"}],"collection":[{"href":"http:\/\/www.voluntadpanama.org\/home\/wp-json\/wp\/v2\/pages"}],"about":[{"href":"http:\/\/www.voluntadpanama.org\/home\/wp-json\/wp\/v2\/types\/page"}],"author":[{"embeddable":true,"href":"http:\/\/www.voluntadpanama.org\/home\/wp-json\/wp\/v2\/users\/1"}],"replies":[{"embeddable":true,"href":"http:\/\/www.voluntadpanama.org\/home\/wp-json\/wp\/v2\/comments?post=111"}],"version-history":[{"count":5,"href":"http:\/\/www.voluntadpanama.org\/home\/wp-json\/wp\/v2\/pages\/111\/revisions"}],"predecessor-version":[{"id":137,"href":"http:\/\/www.voluntadpanama.org\/home\/wp-json\/wp\/v2\/pages\/111\/revisions\/137"}],"wp:attachment":[{"href":"http:\/\/www.voluntadpanama.org\/home\/wp-json\/wp\/v2\/media?parent=111"}],"curies":[{"name":"wp","href":"https:\/\/api.w.org\/{rel}","templated":true}]}}