{"id":116,"date":"2016-02-19T03:03:53","date_gmt":"2016-02-19T03:03:53","guid":{"rendered":"http:\/\/www.voluntadpanama.org\/home\/?page_id=116"},"modified":"2016-02-19T03:03:53","modified_gmt":"2016-02-19T03:03:53","slug":"firma-de-convenio-de-afiliacion-a-la-plataforma-de-ponte-en-algo","status":"publish","type":"page","link":"http:\/\/www.voluntadpanama.org\/home\/firma-de-convenio-de-afiliacion-a-la-plataforma-de-ponte-en-algo\/","title":{"rendered":"Firma de convenio de afiliaci\u00f3n a la Plataforma de Ponte en Algo."},"content":{"rendered":"<table>\n<tbody>\n<tr>\n<td><a href=\"http:\/\/www.voluntadpanama.org\/home\/wp-content\/uploads\/2016\/02\/ponteenalgo.jpg\" rel=\"attachment wp-att-91\"><img decoding=\"async\" loading=\"lazy\" class=\"alignleft size-medium wp-image-91\" src=\"http:\/\/www.voluntadpanama.org\/home\/wp-content\/uploads\/2016\/02\/ponteenalgo-300x180.jpg\" alt=\"ponteenalgo\" width=\"300\" height=\"180\" srcset=\"http:\/\/www.voluntadpanama.org\/home\/wp-content\/uploads\/2016\/02\/ponteenalgo-300x180.jpg 300w, http:\/\/www.voluntadpanama.org\/home\/wp-content\/uploads\/2016\/02\/ponteenalgo-768x461.jpg 768w, http:\/\/www.voluntadpanama.org\/home\/wp-content\/uploads\/2016\/02\/ponteenalgo-1024x614.jpg 1024w, http:\/\/www.voluntadpanama.org\/home\/wp-content\/uploads\/2016\/02\/ponteenalgo.jpg 2048w\" sizes=\"(max-width: 300px) 100vw, 300px\" \/><\/a><\/td>\n<td><img decoding=\"async\" loading=\"lazy\" class=\"alignleft size-medium wp-image-92\" src=\"http:\/\/www.voluntadpanama.org\/home\/wp-content\/uploads\/2016\/02\/ponteenalgo1-300x180.jpg\" alt=\"ponteenalgo1\" width=\"300\" height=\"180\" srcset=\"http:\/\/www.voluntadpanama.org\/home\/wp-content\/uploads\/2016\/02\/ponteenalgo1-300x180.jpg 300w, http:\/\/www.voluntadpanama.org\/home\/wp-content\/uploads\/2016\/02\/ponteenalgo1-768x461.jpg 768w, http:\/\/www.voluntadpanama.org\/home\/wp-content\/uploads\/2016\/02\/ponteenalgo1-1024x614.jpg 1024w, http:\/\/www.voluntadpanama.org\/home\/wp-content\/uploads\/2016\/02\/ponteenalgo1.jpg 2048w\" sizes=\"(max-width: 300px) 100vw, 300px\" \/><\/td>\n<\/tr>\n<tr>\n<td><img decoding=\"async\" loading=\"lazy\" class=\"alignleft size-medium wp-image-93\" src=\"http:\/\/www.voluntadpanama.org\/home\/wp-content\/uploads\/2016\/02\/ponteenalgo2-180x300.jpg\" alt=\"ponteenalgo2\" width=\"180\" height=\"300\" srcset=\"http:\/\/www.voluntadpanama.org\/home\/wp-content\/uploads\/2016\/02\/ponteenalgo2-180x300.jpg 180w, http:\/\/www.voluntadpanama.org\/home\/wp-content\/uploads\/2016\/02\/ponteenalgo2-768x1281.jpg 768w, http:\/\/www.voluntadpanama.org\/home\/wp-content\/uploads\/2016\/02\/ponteenalgo2-614x1024.jpg 614w, http:\/\/www.voluntadpanama.org\/home\/wp-content\/uploads\/2016\/02\/ponteenalgo2.jpg 1228w\" sizes=\"(max-width: 180px) 100vw, 180px\" \/><\/td>\n<td><\/td>\n<\/tr>\n<\/tbody>\n<\/table>\n<p>El pasado 6 de agosto de 2015, el presidente y fundador de la Fundaci\u00f3n Voluntad Panama, el Mgter. Dovi Eisenman, firm\u00f3 el convenio de afiliaci\u00f3n a la plataforma virtual de PONTE EN ALGO. Ponte en Algo es una plataforma virtual que conecta a los ciudadanos paname\u00f1os con las causas y organizaciones que los necesitan, y funciona como una vitrina de oportunidades de formaci\u00f3n y de voluntariado disponibles en las organizaciones no gubernamentales o de base comunitaria de Panam\u00e1. Esto incluye un directorio de organizaciones no gubernamentales as\u00ed como eventos, informaci\u00f3n y noticias del sector social de Panam\u00e1. Es un sitio dise\u00f1ado para ONG\u00b4s que nos permite contar con recursos informativos para el fortalecimiento de su gesti\u00f3n.<\/p>\n<p>La Fundaci\u00f3n Voluntad Panama se siente complacida de formar parte de este grupo de organizaciones afiliadas, cuyo fin es promover el desarrollo de las personas y comunidades m\u00e1s necesitadas; motivar, capacitar y movilizar a los paname\u00f1os a ser agentes de cambio en su comunidad a trav\u00e9s de la promoci\u00f3n y desarrollo del voluntariado. Mediante esta plataforma, la Fundaci\u00f3n Voluntad Panam\u00e1 podr\u00e1 conectar a ciudadanos, empresas e instituciones con las oportunidades de empleo, formaci\u00f3n y voluntariado existentes en las organizaciones no gubernamentales o de base comunitaria, facilitando la comunicaci\u00f3n entre personas y organizaciones no lucrativas e informar sobre oportunidades de voluntariado, formaci\u00f3n, eventos, y otros que se desarrollan en estas entidades.<\/p>\n","protected":false},"excerpt":{"rendered":"<p>El pasado 6 de agosto de 2015, el presidente y fundador de la Fundaci\u00f3n Voluntad Panama, el Mgter. Dovi Eisenman, firm\u00f3 el convenio de afiliaci\u00f3n a la plataforma virtual de PONTE EN ALGO. Ponte en Algo es una plataforma virtual que conecta a los ciudadanos paname\u00f1os con las causas y organizaciones que los necesitan, y [&hellip;]<\/p>\n","protected":false},"author":1,"featured_media":0,"parent":0,"menu_order":0,"comment_status":"closed","ping_status":"closed","template":"","meta":[],"_links":{"self":[{"href":"http:\/\/www.voluntadpanama.org\/home\/wp-json\/wp\/v2\/pages\/116"}],"collection":[{"href":"http:\/\/www.voluntadpanama.org\/home\/wp-json\/wp\/v2\/pages"}],"about":[{"href":"http:\/\/www.voluntadpanama.org\/home\/wp-json\/wp\/v2\/types\/page"}],"author":[{"embeddable":true,"href":"http:\/\/www.voluntadpanama.org\/home\/wp-json\/wp\/v2\/users\/1"}],"replies":[{"embeddable":true,"href":"http:\/\/www.voluntadpanama.org\/home\/wp-json\/wp\/v2\/comments?post=116"}],"version-history":[{"count":1,"href":"http:\/\/www.voluntadpanama.org\/home\/wp-json\/wp\/v2\/pages\/116\/revisions"}],"predecessor-version":[{"id":117,"href":"http:\/\/www.voluntadpanama.org\/home\/wp-json\/wp\/v2\/pages\/116\/revisions\/117"}],"wp:attachment":[{"href":"http:\/\/www.voluntadpanama.org\/home\/wp-json\/wp\/v2\/media?parent=116"}],"curies":[{"name":"wp","href":"https:\/\/api.w.org\/{rel}","templated":true}]}}