{"id":118,"date":"2016-02-19T03:05:52","date_gmt":"2016-02-19T03:05:52","guid":{"rendered":"http:\/\/www.voluntadpanama.org\/home\/?page_id=118"},"modified":"2020-03-29T17:03:41","modified_gmt":"2020-03-29T17:03:41","slug":"donacion-familia-lano-en-veracruz","status":"publish","type":"page","link":"http:\/\/www.voluntadpanama.org\/home\/donacion-familia-lano-en-veracruz\/","title":{"rendered":"Donaci\u00f3n: Familia Lano en Veracruz"},"content":{"rendered":"<table>\n<tbody>\n<tr>\n<td><a href=\"http:\/\/www.voluntadpanama.org\/home\/wp-content\/uploads\/2016\/02\/ECOMODA.jpg\" rel=\"attachment wp-att-81\"><img decoding=\"async\" loading=\"lazy\" class=\"alignleft size-medium wp-image-81\" src=\"http:\/\/www.voluntadpanama.org\/home\/wp-content\/uploads\/2016\/02\/ECOMODA-300x180.jpg\" alt=\"ECOMODA\" width=\"300\" height=\"180\" srcset=\"http:\/\/www.voluntadpanama.org\/home\/wp-content\/uploads\/2016\/02\/ECOMODA-300x180.jpg 300w, http:\/\/www.voluntadpanama.org\/home\/wp-content\/uploads\/2016\/02\/ECOMODA-768x461.jpg 768w, http:\/\/www.voluntadpanama.org\/home\/wp-content\/uploads\/2016\/02\/ECOMODA-1024x614.jpg 1024w, http:\/\/www.voluntadpanama.org\/home\/wp-content\/uploads\/2016\/02\/ECOMODA.jpg 2048w\" sizes=\"(max-width: 300px) 100vw, 300px\" \/><\/a><\/td>\n<td><a href=\"http:\/\/www.voluntadpanama.org\/home\/wp-content\/uploads\/2016\/02\/ECOMODA1.jpg\" rel=\"attachment wp-att-82\"><img decoding=\"async\" loading=\"lazy\" class=\"alignleft size-medium wp-image-82\" src=\"http:\/\/www.voluntadpanama.org\/home\/wp-content\/uploads\/2016\/02\/ECOMODA1-300x300.jpg\" alt=\"ECOMODA1\" width=\"300\" height=\"300\" srcset=\"http:\/\/www.voluntadpanama.org\/home\/wp-content\/uploads\/2016\/02\/ECOMODA1-300x300.jpg 300w, http:\/\/www.voluntadpanama.org\/home\/wp-content\/uploads\/2016\/02\/ECOMODA1-150x150.jpg 150w, http:\/\/www.voluntadpanama.org\/home\/wp-content\/uploads\/2016\/02\/ECOMODA1-768x768.jpg 768w, http:\/\/www.voluntadpanama.org\/home\/wp-content\/uploads\/2016\/02\/ECOMODA1.jpg 960w\" sizes=\"(max-width: 300px) 100vw, 300px\" \/><\/a><\/td>\n<\/tr>\n<\/tbody>\n<\/table>\n<p>Fundaci\u00f3n Voluntad Panama, gracias al apoyo del Almac\u00e9n EONOMODA de la Chorrera, efectu\u00f3 la donaci\u00f3n de un Colch\u00f3n ortop\u00e9dico, ropa, y leche Pediasure, a la Familia Lano Mecha, residentes en Veracruz. Esta familia atraviesa por una situaci\u00f3n muy dif\u00edcil y cuyas condiciones de salud requieren de ayuda y colaboraci\u00f3n. La mayor de las ni\u00f1as, fue operada de ap\u00e9ndice y sufri\u00f3 una reca\u00edda con fiebre alta, adem\u00e1s mantuvo una serie de complicaciones en el intestino grueso, con una infecci\u00f3n dentro del espacio intestinal lo que la mantuvo en cama. Por otro lado, la otra ni\u00f1a de esta familia, de 4 a\u00f1os de edad, fue operada de un tumor cancer\u00edgeno maligno o ( tumor de Wills), diagnosticada este a\u00f1o, y el cual parece haber estado presente en ella desde hace algunos a\u00f1os.<\/p>\n<p>Gracias al apoyo del almac\u00e9n ECOMODA de La Chorrera, pudimos ayudar y contribuir con un granito de arena, con esta familia con necesidades y su situaci\u00f3n.<br \/>\nAgradecemos tambi\u00e9n a los colaboradores y a los donantes an\u00f3nimos por su contribuci\u00f3n, garantizando que su colaboraci\u00f3n es canalizada hacia lo que m\u00e1s los necesitan.<\/p>\n","protected":false},"excerpt":{"rendered":"<p>Fundaci\u00f3n Voluntad Panama, gracias al apoyo del Almac\u00e9n EONOMODA de la Chorrera, efectu\u00f3 la donaci\u00f3n de un Colch\u00f3n ortop\u00e9dico, ropa, y leche Pediasure, a la Familia Lano Mecha, residentes en Veracruz. Esta familia atraviesa por una situaci\u00f3n muy dif\u00edcil y cuyas condiciones de salud requieren de ayuda y colaboraci\u00f3n. La mayor de las ni\u00f1as, fue [&hellip;]<\/p>\n","protected":false},"author":1,"featured_media":0,"parent":0,"menu_order":0,"comment_status":"closed","ping_status":"closed","template":"","meta":[],"_links":{"self":[{"href":"http:\/\/www.voluntadpanama.org\/home\/wp-json\/wp\/v2\/pages\/118"}],"collection":[{"href":"http:\/\/www.voluntadpanama.org\/home\/wp-json\/wp\/v2\/pages"}],"about":[{"href":"http:\/\/www.voluntadpanama.org\/home\/wp-json\/wp\/v2\/types\/page"}],"author":[{"embeddable":true,"href":"http:\/\/www.voluntadpanama.org\/home\/wp-json\/wp\/v2\/users\/1"}],"replies":[{"embeddable":true,"href":"http:\/\/www.voluntadpanama.org\/home\/wp-json\/wp\/v2\/comments?post=118"}],"version-history":[{"count":2,"href":"http:\/\/www.voluntadpanama.org\/home\/wp-json\/wp\/v2\/pages\/118\/revisions"}],"predecessor-version":[{"id":349,"href":"http:\/\/www.voluntadpanama.org\/home\/wp-json\/wp\/v2\/pages\/118\/revisions\/349"}],"wp:attachment":[{"href":"http:\/\/www.voluntadpanama.org\/home\/wp-json\/wp\/v2\/media?parent=118"}],"curies":[{"name":"wp","href":"https:\/\/api.w.org\/{rel}","templated":true}]}}