{"id":198,"date":"2016-03-05T17:15:30","date_gmt":"2016-03-05T17:15:30","guid":{"rendered":"http:\/\/www.voluntadpanama.org\/home\/?page_id=198"},"modified":"2016-03-17T04:30:04","modified_gmt":"2016-03-17T04:30:04","slug":"donacion-de-lacteos-a-familias-y-comedores","status":"publish","type":"page","link":"http:\/\/www.voluntadpanama.org\/home\/donacion-de-lacteos-a-familias-y-comedores\/","title":{"rendered":"DONACION DE LACTEOS A FAMILIAS Y COMEDORES"},"content":{"rendered":"<table>\n<tbody>\n<tr>\n<td><!-- meta slider -->\n<div style=\"max-width: 240px;\" class=\"metaslider metaslider-flex metaslider-209 ml-slider nav-hidden\">\n    \n    <div id=\"metaslider_container_209\">\n        <div id=\"metaslider_209\">\n            <ul class=\"slides\">\n                <li style=\"display: block; width: 100%;\" class=\"slide-194 ms-image\"><img src=\"http:\/\/www.voluntadpanama.org\/home\/wp-content\/uploads\/2016\/03\/santo-cristo-esquipulas-240x300.jpg\" height=\"300\" width=\"240\" alt=\"\" class=\"slider-209 slide-194\" \/><div class=\"caption-wrap\"><div class=\"caption\">PARROQUIA SANTO CRISTO ESQUIPULAS \u2013 EN COCLESITO<\/div><\/div><\/li>\n                <li style=\"display: none; width: 100%;\" class=\"slide-193 ms-image\"><img src=\"http:\/\/www.voluntadpanama.org\/home\/wp-content\/uploads\/2016\/03\/san-sevastian-240x300.jpg\" height=\"300\" width=\"240\" alt=\"\" class=\"slider-209 slide-193\" \/><div class=\"caption-wrap\"><div class=\"caption\">COMEDOR SAN SEBASTIAN \u2013 BOCA LA CAJA<\/div><\/div><\/li>\n                <li style=\"display: none; width: 100%;\" class=\"slide-192 ms-image\"><img src=\"http:\/\/www.voluntadpanama.org\/home\/wp-content\/uploads\/2016\/03\/rayos-de-fe-y-esperanza-240x300.jpg\" height=\"300\" width=\"240\" alt=\"\" class=\"slider-209 slide-192\" \/><div class=\"caption-wrap\"><div class=\"caption\">FUNDACION RAYITOS DE FE Y ESPERANZA<\/div><\/div><\/li>\n                <li style=\"display: none; width: 100%;\" class=\"slide-191 ms-image\"><img src=\"http:\/\/www.voluntadpanama.org\/home\/wp-content\/uploads\/2016\/03\/prof.-eida-240x300.jpg\" height=\"300\" width=\"240\" alt=\"\" class=\"slider-209 slide-191\" \/><div class=\"caption-wrap\"><div class=\"caption\">PROF. EIDA RAMOS<\/div><\/div><\/li>\n                <li style=\"display: none; width: 100%;\" class=\"slide-190 ms-image\"><img src=\"http:\/\/www.voluntadpanama.org\/home\/wp-content\/uploads\/2016\/03\/pastora-blanca-240x300.jpg\" height=\"300\" width=\"240\" alt=\"\" class=\"slider-209 slide-190\" \/><\/li>\n                <li style=\"display: none; width: 100%;\" class=\"slide-189 ms-image\"><img src=\"http:\/\/www.voluntadpanama.org\/home\/wp-content\/uploads\/2016\/03\/parroquia-san-lucas-240x300.jpg\" height=\"300\" width=\"240\" alt=\"\" class=\"slider-209 slide-189\" \/><div class=\"caption-wrap\"><div class=\"caption\">PARROQUIA SAN LUCAS<\/div><\/div><\/li>\n                <li style=\"display: none; width: 100%;\" class=\"slide-188 ms-image\"><img src=\"http:\/\/www.voluntadpanama.org\/home\/wp-content\/uploads\/2016\/03\/parroquia-natividad-de-maria-240x300.jpg\" height=\"300\" width=\"240\" alt=\"\" class=\"slider-209 slide-188\" \/><div class=\"caption-wrap\"><div class=\"caption\">PARROQUIA NATIVIDAD DE MARIA \u2013 CERRO VIENTO<\/div><\/div><\/li>\n                <li style=\"display: none; width: 100%;\" class=\"slide-187 ms-image\"><img src=\"http:\/\/www.voluntadpanama.org\/home\/wp-content\/uploads\/2016\/03\/MUCEC-240x300.jpg\" height=\"300\" width=\"240\" alt=\"\" class=\"slider-209 slide-187\" \/><div class=\"caption-wrap\"><div class=\"caption\">MUCEC<\/div><\/div><\/li>\n                <li style=\"display: none; width: 100%;\" class=\"slide-186 ms-image\"><img src=\"http:\/\/www.voluntadpanama.org\/home\/wp-content\/uploads\/2016\/03\/hogar-alis-240x300.jpg\" height=\"300\" width=\"240\" alt=\"\" class=\"slider-209 slide-186\" \/><div class=\"caption-wrap\"><div class=\"caption\">HOGAR ALICE<\/div><\/div><\/li>\n                <li style=\"display: none; width: 100%;\" class=\"slide-185 ms-image\"><img src=\"http:\/\/www.voluntadpanama.org\/home\/wp-content\/uploads\/2016\/03\/divina-gracia-240x300.jpg\" height=\"300\" width=\"240\" alt=\"\" class=\"slider-209 slide-185\" \/><div class=\"caption-wrap\"><div class=\"caption\">HOGAR LA DIVINA GRACIA<\/div><\/div><\/li>\n                <li style=\"display: none; width: 100%;\" class=\"slide-184 ms-image\"><img src=\"http:\/\/www.voluntadpanama.org\/home\/wp-content\/uploads\/2016\/03\/cubanos-240x300.jpg\" height=\"300\" width=\"240\" alt=\"\" class=\"slider-209 slide-184\" \/><div class=\"caption-wrap\"><div class=\"caption\">CUBANOS EN LA FRONTERA<\/div><\/div><\/li>\n                <li style=\"display: none; width: 100%;\" class=\"slide-183 ms-image\"><img src=\"http:\/\/www.voluntadpanama.org\/home\/wp-content\/uploads\/2016\/03\/cruz-roja-240x300.jpg\" height=\"300\" width=\"240\" alt=\"\" class=\"slider-209 slide-183\" \/><div class=\"caption-wrap\"><div class=\"caption\">CRUZ ROJA PANAME\u00d1A<\/div><\/div><\/li>\n                <li style=\"display: none; width: 100%;\" class=\"slide-182 ms-image\"><img src=\"http:\/\/www.voluntadpanama.org\/home\/wp-content\/uploads\/2016\/03\/aprojusan-240x300.jpg\" height=\"300\" width=\"240\" alt=\"\" class=\"slider-209 slide-182\" \/><div class=\"caption-wrap\"><div class=\"caption\">APROJUSAN<\/div><\/div><\/li>\n            <\/ul>\n        <\/div>\n        \n    <\/div>\n    <script type=\"text\/javascript\">\n        var metaslider_209 = function($) {\n            $('#metaslider_209').addClass('flexslider'); \/\/ theme\/plugin conflict avoidance\n            $('#metaslider_209').flexslider({ \n                slideshowSpeed:3000,\n                animation:\"fade\",\n                controlNav:false,\n                directionNav:true,\n                pauseOnHover:true,\n                direction:\"horizontal\",\n                reverse:false,\n                animationSpeed:600,\n                prevText:\"&lt;\",\n                nextText:\"&gt;\",\n                slideshow:true\n            });\n        };\n        var timer_metaslider_209 = function() {\n            var slider = !window.jQuery ? window.setTimeout(timer_metaslider_209, 100) : !jQuery.isReady ? window.setTimeout(timer_metaslider_209, 1) : metaslider_209(window.jQuery);\n        };\n        timer_metaslider_209();\n    <\/script>\n<\/div>\n<!--\/\/ meta slider--><\/td>\n<\/tr>\n<\/tbody>\n<\/table>\n<p>El pasado 21 de diciembre de 2015 la FUNDACION VOLUNTAD PANAMA recibi\u00f3 de una importante donaci\u00f3n del Club Activo 20-30de m\u00e1s de 380 cajas de productos l\u00e1cteos, producto de donaciones recibidas a trav\u00e9s de su programa LECHETON 20-30. LA FUNDACION VOLUNTAD PANAMA agradece esta importante aporte la cual fue distribuidas entre diferentes entes sociales, y que atienden a familias y personas de escasos recursos del pa\u00eds. Las instituciones beneficiadas con esta donaci\u00f3n fueron:<\/p>\n<p>PARROQUIA SAN LUCAS<br \/>\nPARROQUIA SANTO CRISTO ESQUIPULAS \u2013 EN COCLESITO<br \/>\nCRUZ ROJA PANAME\u00d1A<br \/>\nPARROQUIA NATIVIDAD DE MARIA &#8211; CERRO VIENTO<br \/>\nMUJERES COLONENSES EN CAMINO &#8211; PROVINCIA DE COLON<br \/>\nCINCO (5) FAMILIAS NECESITADAS EN EL AREA DE CUNANEGA \u2013 PROF. EIDA RAMOS<br \/>\nHOGAR ALICE<br \/>\nAPROJUSAN<br \/>\nHOGAR LA DIVINA GRACIA<br \/>\nCOMEDOR TORRIJOR CARTER &#8211; PASTORA BLANCA DE BARRIA<br \/>\nFUNDACION RAYITOS DE FE<br \/>\nCUBANOS EN LA FRONTERA<br \/>\nFAMILIA DE JOSE CHIRU &#8211; PROVINCIA DE COLON<br \/>\nCOMUNIDAD ICACAL Y CHAGRES, COSTA ABAJO DE COLON- ENTREGA DE JUGUETES<br \/>\nCOMEDOR SAN SEBASTIAN \u2013 BOCA LA CAJA<\/p>\n","protected":false},"excerpt":{"rendered":"<p>El pasado 21 de diciembre de 2015 la FUNDACION VOLUNTAD PANAMA recibi\u00f3 de una importante donaci\u00f3n del Club Activo 20-30de m\u00e1s de 380 cajas de productos l\u00e1cteos, producto de donaciones recibidas a trav\u00e9s de su programa LECHETON 20-30. LA FUNDACION VOLUNTAD PANAMA agradece esta importante aporte la cual fue distribuidas entre diferentes entes sociales, y [&hellip;]<\/p>\n","protected":false},"author":1,"featured_media":189,"parent":0,"menu_order":0,"comment_status":"closed","ping_status":"closed","template":"","meta":[],"_links":{"self":[{"href":"http:\/\/www.voluntadpanama.org\/home\/wp-json\/wp\/v2\/pages\/198"}],"collection":[{"href":"http:\/\/www.voluntadpanama.org\/home\/wp-json\/wp\/v2\/pages"}],"about":[{"href":"http:\/\/www.voluntadpanama.org\/home\/wp-json\/wp\/v2\/types\/page"}],"author":[{"embeddable":true,"href":"http:\/\/www.voluntadpanama.org\/home\/wp-json\/wp\/v2\/users\/1"}],"replies":[{"embeddable":true,"href":"http:\/\/www.voluntadpanama.org\/home\/wp-json\/wp\/v2\/comments?post=198"}],"version-history":[{"count":3,"href":"http:\/\/www.voluntadpanama.org\/home\/wp-json\/wp\/v2\/pages\/198\/revisions"}],"predecessor-version":[{"id":213,"href":"http:\/\/www.voluntadpanama.org\/home\/wp-json\/wp\/v2\/pages\/198\/revisions\/213"}],"wp:featuredmedia":[{"embeddable":true,"href":"http:\/\/www.voluntadpanama.org\/home\/wp-json\/wp\/v2\/media\/189"}],"wp:attachment":[{"href":"http:\/\/www.voluntadpanama.org\/home\/wp-json\/wp\/v2\/media?parent=198"}],"curies":[{"name":"wp","href":"https:\/\/api.w.org\/{rel}","templated":true}]}}