{"id":6,"date":"2016-02-18T13:08:25","date_gmt":"2016-02-18T13:08:25","guid":{"rendered":"http:\/\/www.voluntadpanama.org\/home\/?page_id=6"},"modified":"2016-02-18T13:10:46","modified_gmt":"2016-02-18T13:10:46","slug":"proyectos","status":"publish","type":"page","link":"http:\/\/www.voluntadpanama.org\/home\/proyectos\/","title":{"rendered":"PROYECTOS"},"content":{"rendered":"<p>A-TORRES DE PANAM\u00c1 NUEVO<br \/>\nPara que los j\u00f3venes decidan su futuro con los suficientes conocimientos de las alternativas que la realidad actual le brinda para que puedan elegir.<\/p>\n<p>Este programa est\u00e1 dirigido a los pregraduandos y graduandos de todas las escuelas secundarias del pa\u00eds inicialmente. Posteriormente se planea ampliarlo a j\u00f3venes que no han terminado sus estudios secundarios, pero son mayores de 17 a\u00f1os.<br \/>\nT\u00fa puedes ser parte de este valioso aporte a tu pa\u00eds. Comun\u00edcate con nosotros e int\u00e9grate a esta coincidencia de voluntades.<\/p>\n<p>B- VOLUNTARIOS PARA LA VOLUNTAD<br \/>\nVoluntarios para la buena voluntad<br \/>\nHay personas que quieren hacer un aporte a la sociedad, pero no encuentran c\u00f3mo ser parte de un esfuerzo tan valioso. Nosotros no te ponemos condiciones, m\u00e1s bien, aceptamos las tuyas. Hacen falta personas con ideas creativas para ayudar a los dem\u00e1s a cambiar sus vidas a base de esfuerzo y decisi\u00f3n, es decir, a base de voluntad.<\/p>\n<p>Haz clic aqu\u00ed para solicitar tu integraci\u00f3n sugi\u00e9renos tu idea de c\u00f3mo ayudar a los dem\u00e1s.<\/p>\n<p>C- PROYECTOS DE AUTO SOSTENIBILIDAD<br \/>\nEn Panam\u00e1 hay comunidades y grupos de personas a quienes no les cambiar\u00e1 la vida si les llevan comida para unos d\u00edas, pero s\u00ed se las cambiar\u00eda, si los ayudas a aprender y a establecer la forma de generar esa comida o de gan\u00e1rsela.<\/p>\n<p>Estamos trabajando en lograr apoyos de organismos nacionales e internacionales para establecer proyectos que garanticen, que familias y comunidades, logren cambiar sus vidas en base a proyectos de este tipo. Se trata de la muy vieja frase que todos hemos escuchado: \u201cNo le des un pescado a un hombre, ens\u00e9\u00f1ale a pescarlo\u201d. Si te interesa este programa o tienes una propuesta espec\u00edfica de alg\u00fan proyecto de esta naturaleza, haz clic aqu\u00ed para que comencemos a trabajar juntos.<\/p>\n<p>D- VOLUNTAD PARA VIVIR MEJOR<br \/>\nPr\u00f3ximamente vamos a iniciar un programa para mejorar de forma integral la vida de las personas. Basados en la voluntad para tener una vida mejor, realizaremos encuentros para educar a la poblaci\u00f3n en los buenos h\u00e1bitos de alimentaci\u00f3n, ejercicios y t\u00e9cnicas de relajaci\u00f3n. Si tienes experiencia en estos temas y quieres ayudar o si estabas buscando la oportunidad de recibir esta informaci\u00f3n y este apoyo para tu calidad de vida, haz clic aqu\u00ed.<\/p>\n<p>E- BRAZOS PARA LA VOLUNTAD<br \/>\nPuedes colaborar con este gran esfuerzo, participando en todas las formas: con tus ideas, con tu aporte econ\u00f3mico, con tu trabajo, siendo voluntario. Para que t\u00fa seas la Voluntad que necesita Panam\u00e1, ac\u00e9rcate y aporta con tu participaci\u00f3n. Haz clic aqu\u00ed par abrir la puerta de la voluntad.<\/p>\n<p>F- LAS REDES DE VOLUNTAD<br \/>\nHoy en d\u00eda nada ocurre plenamente, si no llega a las redes sociales. En ese ciberespacio tambi\u00e9n hay un trabajo que hacer para promover la Voluntad. Puedes ser uno de los ciberactivistas de la Fundaci\u00f3n. Haz clic en nuestra p\u00e1gina de Facebook, Instagram o twitter y comienza a mover la idea en los aires y las pantallas de todos los paname\u00f1os.<\/p>\n<p>G- DA LA MANO CON VOLUNTAD<br \/>\nHay muchos casos de paname\u00f1os que est\u00e1n desvalidos y no pueden solucionar sus problemas porque sufren condiciones que se lo impiden, o repentinamente han sido desfavorecidos por eventualidades de todo tipo. A esos hermanos nuestros tenemos el deber de tenderles la mano. Haz clic para participar en nuestro programa de solidaridad con voluntad.<\/p>\n<p>H- LAS GENERACIONES DE LA VOLUNTAD<br \/>\nSi tienes m\u00e1s de 17 a\u00f1os y ya quieres formar grupos de amigos y de compa\u00f1eros para realizar proyectos de los que luego les podr\u00e1s contar a tus hijos, eres bienvenido. Pero si ya trabajas y siempre has querido hacer algo por tu pr\u00f3jimo, esta es tu oportunidad. No tenemos l\u00edmites para la voluntad. Todos ser\u00e1n bien recibidos y todos har\u00e1n su aporte.<br \/>\nSi ya te jubilaste, y est\u00e1s aburrido en la casa y te cansaste de la mecedora, si quieres compartir tantas buenas experiencias que acumulaste, int\u00e9grate a este esfuerzo.<\/p>\n<p>Las razas, los sueldos, las religiones, las ideas pol\u00edticas, los lugares de nacimiento, las nacionalidades, los equipos de f\u00fatbol, nada, nada es obst\u00e1culo para que hagamos este hermoso trabajo que Panam\u00e1 espera, exige y necesita.<\/p>\n<p>Frases para la p\u00e1gina<\/p>\n<p>La fuerza no proviene de la capacidad f\u00edsica, sino de la voluntad indomable.<br \/>\nGhandi<\/p>\n<p>No le faltan oportunidades, le falta Voluntad.<br \/>\nR L<\/p>\n<p>Si tuvi\u00e9semos suficiente voluntad, siempre tendr\u00edamos medios suficientes.<br \/>\nFrancis de la Rochefocuald<\/p>\n<p>Si tienes coraz\u00f3n y no tienes voluntad, no est\u00e1s completo<br \/>\nR L<\/p>\n","protected":false},"excerpt":{"rendered":"<p>A-TORRES DE PANAM\u00c1 NUEVO Para que los j\u00f3venes decidan su futuro con los suficientes conocimientos de las alternativas que la realidad actual le brinda para que puedan elegir. Este programa est\u00e1 dirigido a los pregraduandos y graduandos de todas las escuelas secundarias del pa\u00eds inicialmente. Posteriormente se planea ampliarlo a j\u00f3venes que no han terminado [&hellip;]<\/p>\n","protected":false},"author":1,"featured_media":0,"parent":0,"menu_order":0,"comment_status":"closed","ping_status":"closed","template":"","meta":[],"_links":{"self":[{"href":"http:\/\/www.voluntadpanama.org\/home\/wp-json\/wp\/v2\/pages\/6"}],"collection":[{"href":"http:\/\/www.voluntadpanama.org\/home\/wp-json\/wp\/v2\/pages"}],"about":[{"href":"http:\/\/www.voluntadpanama.org\/home\/wp-json\/wp\/v2\/types\/page"}],"author":[{"embeddable":true,"href":"http:\/\/www.voluntadpanama.org\/home\/wp-json\/wp\/v2\/users\/1"}],"replies":[{"embeddable":true,"href":"http:\/\/www.voluntadpanama.org\/home\/wp-json\/wp\/v2\/comments?post=6"}],"version-history":[{"count":1,"href":"http:\/\/www.voluntadpanama.org\/home\/wp-json\/wp\/v2\/pages\/6\/revisions"}],"predecessor-version":[{"id":7,"href":"http:\/\/www.voluntadpanama.org\/home\/wp-json\/wp\/v2\/pages\/6\/revisions\/7"}],"wp:attachment":[{"href":"http:\/\/www.voluntadpanama.org\/home\/wp-json\/wp\/v2\/media?parent=6"}],"curies":[{"name":"wp","href":"https:\/\/api.w.org\/{rel}","templated":true}]}}