{"id":72,"date":"2016-02-19T02:16:36","date_gmt":"2016-02-19T02:16:36","guid":{"rendered":"http:\/\/www.voluntadpanama.org\/home\/?page_id=72"},"modified":"2016-02-19T02:16:36","modified_gmt":"2016-02-19T02:16:36","slug":"todo-un-exito-1a-feria-de-comidas-en-parque-urraca","status":"publish","type":"page","link":"http:\/\/www.voluntadpanama.org\/home\/todo-un-exito-1a-feria-de-comidas-en-parque-urraca\/","title":{"rendered":"TODO UN \u00c9XITO 1\u00aa FERIA DE COMIDAS EN PARQUE URRACA"},"content":{"rendered":"<p>MAR 31 2015<\/p>\n<table style=\"height: 405px;\" width=\"656\">\n<tbody>\n<tr>\n<td><a href=\"http:\/\/www.voluntadpanama.org\/home\/wp-content\/uploads\/2016\/02\/20150329_121404_HDR.jpg\" rel=\"attachment wp-att-18\"><img decoding=\"async\" loading=\"lazy\" class=\"alignleft size-medium wp-image-18\" src=\"http:\/\/www.voluntadpanama.org\/home\/wp-content\/uploads\/2016\/02\/20150329_121404_HDR-300x184.jpg\" alt=\"20150329_121404_HDR\" width=\"300\" height=\"184\" srcset=\"http:\/\/www.voluntadpanama.org\/home\/wp-content\/uploads\/2016\/02\/20150329_121404_HDR-300x184.jpg 300w, http:\/\/www.voluntadpanama.org\/home\/wp-content\/uploads\/2016\/02\/20150329_121404_HDR-768x472.jpg 768w, http:\/\/www.voluntadpanama.org\/home\/wp-content\/uploads\/2016\/02\/20150329_121404_HDR-1024x629.jpg 1024w, http:\/\/www.voluntadpanama.org\/home\/wp-content\/uploads\/2016\/02\/20150329_121404_HDR-570x350.jpg 570w\" sizes=\"(max-width: 300px) 100vw, 300px\" \/><\/a><\/td>\n<td><a href=\"http:\/\/www.voluntadpanama.org\/home\/wp-content\/uploads\/2016\/02\/20150329_093206_HDR.jpg\" rel=\"attachment wp-att-16\"><img decoding=\"async\" loading=\"lazy\" class=\"alignleft size-medium wp-image-16\" src=\"http:\/\/www.voluntadpanama.org\/home\/wp-content\/uploads\/2016\/02\/20150329_093206_HDR-300x181.jpg\" alt=\"20150329_093206_HDR\" width=\"300\" height=\"181\" srcset=\"http:\/\/www.voluntadpanama.org\/home\/wp-content\/uploads\/2016\/02\/20150329_093206_HDR-300x181.jpg 300w, http:\/\/www.voluntadpanama.org\/home\/wp-content\/uploads\/2016\/02\/20150329_093206_HDR-768x463.jpg 768w, http:\/\/www.voluntadpanama.org\/home\/wp-content\/uploads\/2016\/02\/20150329_093206_HDR-1024x617.jpg 1024w\" sizes=\"(max-width: 300px) 100vw, 300px\" \/><\/a><\/td>\n<\/tr>\n<tr>\n<td><a href=\"http:\/\/www.voluntadpanama.org\/home\/wp-content\/uploads\/2016\/02\/20150329_143629_HDR.jpg\" rel=\"attachment wp-att-19\"><img decoding=\"async\" loading=\"lazy\" class=\"alignleft size-medium wp-image-19\" src=\"http:\/\/www.voluntadpanama.org\/home\/wp-content\/uploads\/2016\/02\/20150329_143629_HDR-300x186.jpg\" alt=\"20150329_143629_HDR\" width=\"300\" height=\"186\" srcset=\"http:\/\/www.voluntadpanama.org\/home\/wp-content\/uploads\/2016\/02\/20150329_143629_HDR-300x186.jpg 300w, http:\/\/www.voluntadpanama.org\/home\/wp-content\/uploads\/2016\/02\/20150329_143629_HDR-768x476.jpg 768w, http:\/\/www.voluntadpanama.org\/home\/wp-content\/uploads\/2016\/02\/20150329_143629_HDR-1024x635.jpg 1024w\" sizes=\"(max-width: 300px) 100vw, 300px\" \/><\/a><\/td>\n<td><a href=\"http:\/\/www.voluntadpanama.org\/home\/wp-content\/uploads\/2016\/02\/20150329_114029_HDR.jpg\" rel=\"attachment wp-att-17\"><img decoding=\"async\" loading=\"lazy\" class=\"alignleft size-medium wp-image-17\" src=\"http:\/\/www.voluntadpanama.org\/home\/wp-content\/uploads\/2016\/02\/20150329_114029_HDR-300x181.jpg\" alt=\"20150329_114029_HDR\" width=\"300\" height=\"181\" srcset=\"http:\/\/www.voluntadpanama.org\/home\/wp-content\/uploads\/2016\/02\/20150329_114029_HDR-300x181.jpg 300w, http:\/\/www.voluntadpanama.org\/home\/wp-content\/uploads\/2016\/02\/20150329_114029_HDR-768x464.jpg 768w, http:\/\/www.voluntadpanama.org\/home\/wp-content\/uploads\/2016\/02\/20150329_114029_HDR-1024x619.jpg 1024w\" sizes=\"(max-width: 300px) 100vw, 300px\" \/><\/a><\/td>\n<\/tr>\n<\/tbody>\n<\/table>\n<p>TODO UN \u00c9XITO 1\u00aa FERIA DE COMIDAS EN PARQUE URRACA<br \/>\nTodo un \u00e9xito result\u00f3 la feria de comidas realizada el pasado domingo 29 de marzo en el Parque Urraca, organizada por la Fundaci\u00f3n Voluntad participando varias empresas dedicadas al arte culinario, haciendo degustar deliciosos manjares a todos los asistentes al evento.<\/p>\n","protected":false},"excerpt":{"rendered":"<p>MAR 31 2015 TODO UN \u00c9XITO 1\u00aa FERIA DE COMIDAS EN PARQUE URRACA Todo un \u00e9xito result\u00f3 la feria de comidas realizada el pasado domingo 29 de marzo en el Parque Urraca, organizada por la Fundaci\u00f3n Voluntad participando varias empresas dedicadas al arte culinario, haciendo degustar deliciosos manjares a todos los asistentes al evento.<\/p>\n","protected":false},"author":1,"featured_media":0,"parent":0,"menu_order":0,"comment_status":"closed","ping_status":"closed","template":"","meta":[],"_links":{"self":[{"href":"http:\/\/www.voluntadpanama.org\/home\/wp-json\/wp\/v2\/pages\/72"}],"collection":[{"href":"http:\/\/www.voluntadpanama.org\/home\/wp-json\/wp\/v2\/pages"}],"about":[{"href":"http:\/\/www.voluntadpanama.org\/home\/wp-json\/wp\/v2\/types\/page"}],"author":[{"embeddable":true,"href":"http:\/\/www.voluntadpanama.org\/home\/wp-json\/wp\/v2\/users\/1"}],"replies":[{"embeddable":true,"href":"http:\/\/www.voluntadpanama.org\/home\/wp-json\/wp\/v2\/comments?post=72"}],"version-history":[{"count":1,"href":"http:\/\/www.voluntadpanama.org\/home\/wp-json\/wp\/v2\/pages\/72\/revisions"}],"predecessor-version":[{"id":73,"href":"http:\/\/www.voluntadpanama.org\/home\/wp-json\/wp\/v2\/pages\/72\/revisions\/73"}],"wp:attachment":[{"href":"http:\/\/www.voluntadpanama.org\/home\/wp-json\/wp\/v2\/media?parent=72"}],"curies":[{"name":"wp","href":"https:\/\/api.w.org\/{rel}","templated":true}]}}