{"id":76,"date":"2016-02-19T02:17:35","date_gmt":"2016-02-19T02:17:35","guid":{"rendered":"http:\/\/www.voluntadpanama.org\/home\/?page_id=76"},"modified":"2016-02-19T03:21:27","modified_gmt":"2016-02-19T03:21:27","slug":"ntrega-de-regalos-en-la-ciudad-de-colon-y-costa-abajo","status":"publish","type":"page","link":"http:\/\/www.voluntadpanama.org\/home\/ntrega-de-regalos-en-la-ciudad-de-colon-y-costa-abajo\/","title":{"rendered":"ENTREGA DE REGALOS EN LA CIUDAD DE COL\u00d3N Y COSTA ABAJO"},"content":{"rendered":"<p>DEC 17 2014<\/p>\n<table>\n<tbody>\n<tr>\n<td><img decoding=\"async\" loading=\"lazy\" class=\"alignleft size-medium wp-image-128\" src=\"http:\/\/www.voluntadpanama.org\/home\/wp-content\/uploads\/2016\/02\/IMG_1582-300x225.jpg\" alt=\"IMG_1582\" width=\"300\" height=\"225\" srcset=\"http:\/\/www.voluntadpanama.org\/home\/wp-content\/uploads\/2016\/02\/IMG_1582-300x225.jpg 300w, http:\/\/www.voluntadpanama.org\/home\/wp-content\/uploads\/2016\/02\/IMG_1582-768x576.jpg 768w, http:\/\/www.voluntadpanama.org\/home\/wp-content\/uploads\/2016\/02\/IMG_1582-1024x768.jpg 1024w\" sizes=\"(max-width: 300px) 100vw, 300px\" \/><\/td>\n<td><img decoding=\"async\" loading=\"lazy\" class=\"alignleft size-medium wp-image-14\" src=\"http:\/\/www.voluntadpanama.org\/home\/wp-content\/uploads\/2016\/02\/100_2780-300x225.jpg\" alt=\"100_2780\" width=\"300\" height=\"225\" srcset=\"http:\/\/www.voluntadpanama.org\/home\/wp-content\/uploads\/2016\/02\/100_2780-300x225.jpg 300w, http:\/\/www.voluntadpanama.org\/home\/wp-content\/uploads\/2016\/02\/100_2780-768x576.jpg 768w, http:\/\/www.voluntadpanama.org\/home\/wp-content\/uploads\/2016\/02\/100_2780-1024x768.jpg 1024w\" sizes=\"(max-width: 300px) 100vw, 300px\" \/><\/td>\n<\/tr>\n<tr>\n<td><a href=\"http:\/\/www.voluntadpanama.org\/home\/wp-content\/uploads\/2016\/02\/100_2779.jpg\" rel=\"attachment wp-att-13\"><img decoding=\"async\" loading=\"lazy\" class=\"alignleft size-medium wp-image-13\" src=\"http:\/\/www.voluntadpanama.org\/home\/wp-content\/uploads\/2016\/02\/100_2779-300x225.jpg\" alt=\"100_2779\" width=\"300\" height=\"225\" srcset=\"http:\/\/www.voluntadpanama.org\/home\/wp-content\/uploads\/2016\/02\/100_2779-300x225.jpg 300w, http:\/\/www.voluntadpanama.org\/home\/wp-content\/uploads\/2016\/02\/100_2779-768x576.jpg 768w, http:\/\/www.voluntadpanama.org\/home\/wp-content\/uploads\/2016\/02\/100_2779-1024x768.jpg 1024w\" sizes=\"(max-width: 300px) 100vw, 300px\" \/><\/a><\/td>\n<td><img decoding=\"async\" loading=\"lazy\" class=\"alignleft size-medium wp-image-124\" src=\"http:\/\/www.voluntadpanama.org\/home\/wp-content\/uploads\/2016\/02\/IMG_1572-300x225.jpg\" alt=\"IMG_1572\" width=\"300\" height=\"225\" srcset=\"http:\/\/www.voluntadpanama.org\/home\/wp-content\/uploads\/2016\/02\/IMG_1572-300x225.jpg 300w, http:\/\/www.voluntadpanama.org\/home\/wp-content\/uploads\/2016\/02\/IMG_1572-768x576.jpg 768w, http:\/\/www.voluntadpanama.org\/home\/wp-content\/uploads\/2016\/02\/IMG_1572-1024x768.jpg 1024w\" sizes=\"(max-width: 300px) 100vw, 300px\" \/><\/td>\n<\/tr>\n<tr>\n<td><a href=\"http:\/\/www.voluntadpanama.org\/home\/wp-content\/uploads\/2016\/02\/100_2782.jpg\" rel=\"attachment wp-att-15\"><img decoding=\"async\" loading=\"lazy\" class=\"alignleft size-medium wp-image-15\" src=\"http:\/\/www.voluntadpanama.org\/home\/wp-content\/uploads\/2016\/02\/100_2782-300x225.jpg\" alt=\"100_2782\" width=\"300\" height=\"225\" srcset=\"http:\/\/www.voluntadpanama.org\/home\/wp-content\/uploads\/2016\/02\/100_2782-300x225.jpg 300w, http:\/\/www.voluntadpanama.org\/home\/wp-content\/uploads\/2016\/02\/100_2782-768x576.jpg 768w, http:\/\/www.voluntadpanama.org\/home\/wp-content\/uploads\/2016\/02\/100_2782-1024x768.jpg 1024w\" sizes=\"(max-width: 300px) 100vw, 300px\" \/><\/a><\/td>\n<td>\u00a0<img decoding=\"async\" loading=\"lazy\" class=\"alignleft size-medium wp-image-127\" src=\"http:\/\/www.voluntadpanama.org\/home\/wp-content\/uploads\/2016\/02\/IMG_1580-300x225.jpg\" alt=\"IMG_1580\" width=\"300\" height=\"225\" srcset=\"http:\/\/www.voluntadpanama.org\/home\/wp-content\/uploads\/2016\/02\/IMG_1580-300x225.jpg 300w, http:\/\/www.voluntadpanama.org\/home\/wp-content\/uploads\/2016\/02\/IMG_1580-768x576.jpg 768w, http:\/\/www.voluntadpanama.org\/home\/wp-content\/uploads\/2016\/02\/IMG_1580-1024x768.jpg 1024w\" sizes=\"(max-width: 300px) 100vw, 300px\" \/><\/td>\n<\/tr>\n<tr>\n<td><a href=\"http:\/\/www.voluntadpanama.org\/home\/wp-content\/uploads\/2016\/02\/IMG_1573.jpg\" rel=\"attachment wp-att-126\"><img decoding=\"async\" loading=\"lazy\" class=\"alignleft size-medium wp-image-126\" src=\"http:\/\/www.voluntadpanama.org\/home\/wp-content\/uploads\/2016\/02\/IMG_1573-300x225.jpg\" alt=\"IMG_1573\" width=\"300\" height=\"225\" srcset=\"http:\/\/www.voluntadpanama.org\/home\/wp-content\/uploads\/2016\/02\/IMG_1573-300x225.jpg 300w, http:\/\/www.voluntadpanama.org\/home\/wp-content\/uploads\/2016\/02\/IMG_1573-768x576.jpg 768w, http:\/\/www.voluntadpanama.org\/home\/wp-content\/uploads\/2016\/02\/IMG_1573-1024x768.jpg 1024w\" sizes=\"(max-width: 300px) 100vw, 300px\" \/><\/a><\/td>\n<td><\/td>\n<\/tr>\n<tr>\n<td><\/td>\n<td><\/td>\n<\/tr>\n<\/tbody>\n<\/table>\n<p>ENTREGA DE REGALOS EN LA CIUDAD DE COL\u00d3N Y COSTA ABAJO<br \/>\nEl pasado s\u00e1bado 13 de diciembre la Fundaci\u00f3n Voluntad Panam\u00e1 junto a la emisora la Mega realiz\u00f3 entrega de regalos en la Ciudad de Col\u00f3n y Costa Abajo, llevando alegr\u00eda y esperanza a cientos de ni\u00f1os Colonenses.<\/p>\n<p>Un equipo conformado por j\u00f3venes de ambos sexos encabezados por el Presidente de la Fundaci\u00f3n Voluntad Dovi Eisenman, accedieron a lugares de dificil acceso para llevar juguetes, ropa y zapatos.<\/p>\n","protected":false},"excerpt":{"rendered":"<p>DEC 17 2014 \u00a0 ENTREGA DE REGALOS EN LA CIUDAD DE COL\u00d3N Y COSTA ABAJO El pasado s\u00e1bado 13 de diciembre la Fundaci\u00f3n Voluntad Panam\u00e1 junto a la emisora la Mega realiz\u00f3 entrega de regalos en la Ciudad de Col\u00f3n y Costa Abajo, llevando alegr\u00eda y esperanza a cientos de ni\u00f1os Colonenses. Un equipo conformado [&hellip;]<\/p>\n","protected":false},"author":1,"featured_media":0,"parent":0,"menu_order":0,"comment_status":"closed","ping_status":"closed","template":"","meta":[],"_links":{"self":[{"href":"http:\/\/www.voluntadpanama.org\/home\/wp-json\/wp\/v2\/pages\/76"}],"collection":[{"href":"http:\/\/www.voluntadpanama.org\/home\/wp-json\/wp\/v2\/pages"}],"about":[{"href":"http:\/\/www.voluntadpanama.org\/home\/wp-json\/wp\/v2\/types\/page"}],"author":[{"embeddable":true,"href":"http:\/\/www.voluntadpanama.org\/home\/wp-json\/wp\/v2\/users\/1"}],"replies":[{"embeddable":true,"href":"http:\/\/www.voluntadpanama.org\/home\/wp-json\/wp\/v2\/comments?post=76"}],"version-history":[{"count":5,"href":"http:\/\/www.voluntadpanama.org\/home\/wp-json\/wp\/v2\/pages\/76\/revisions"}],"predecessor-version":[{"id":129,"href":"http:\/\/www.voluntadpanama.org\/home\/wp-json\/wp\/v2\/pages\/76\/revisions\/129"}],"wp:attachment":[{"href":"http:\/\/www.voluntadpanama.org\/home\/wp-json\/wp\/v2\/media?parent=76"}],"curies":[{"name":"wp","href":"https:\/\/api.w.org\/{rel}","templated":true}]}}